{"id":261,"date":"2025-04-18T11:36:52","date_gmt":"2025-04-18T09:36:52","guid":{"rendered":"http:\/\/localhost\/mcm\/?page_id=261"},"modified":"2025-04-18T11:50:06","modified_gmt":"2025-04-18T09:50:06","slug":"television-centrafricaine-tvca","status":"publish","type":"page","link":"https:\/\/communicationrca.com\/index.php\/television-centrafricaine-tvca\/","title":{"rendered":"T\u00e9l\u00e9vision Centrafricaine TCF"},"content":{"rendered":"\t\t<div data-elementor-type=\"wp-page\" data-elementor-id=\"261\" class=\"elementor elementor-261\" data-elementor-post-type=\"page\">\n\t\t\t\t\t\t<section class=\"elementor-section elementor-top-section elementor-element elementor-element-15d34bf9 elementor-section-boxed elementor-section-height-default elementor-section-height-default\" data-id=\"15d34bf9\" data-element_type=\"section\">\n\t\t\t\t\t\t<div class=\"elementor-container elementor-column-gap-default\">\n\t\t\t\t\t<div class=\"elementor-column elementor-col-100 elementor-top-column elementor-element elementor-element-52bafa8a\" data-id=\"52bafa8a\" data-element_type=\"column\">\n\t\t\t<div class=\"elementor-widget-wrap elementor-element-populated\">\n\t\t\t\t\t\t<div class=\"elementor-element elementor-element-3255510c elementor-widget elementor-widget-text-editor\" data-id=\"3255510c\" data-element_type=\"widget\" data-widget_type=\"text-editor.default\">\n\t\t\t\t<div class=\"elementor-widget-container\">\n\t\t\t\t\t\t\t\t\t\n<h1><span style=\"color: #ff0000;\">L&rsquo;organisation de la T\u00e9l\u00e9vision Nationale<\/span><\/h1>\n<p>\u00a0<\/p>\n<p><strong>SECTION 2: DE LA DIRECTION GENERALE DE LA TELEVISION CENTRAFRICAINE<\/strong><\/p>\n\n<p><strong>Art. 45:<\/strong>\u00a0La Direction G\u00e9n\u00e9rale de la T\u00e9l\u00e9vision Centrafricaine a pour mission la mise\u00a0\u00e0 la disposition des t\u00e9l\u00e9spectateurs, des programmes fiables, informatifs,\u00a0distractifs et \u00e9ducatifs. Elle est plac\u00e9e sous la responsabilit\u00e9 d\u2019un Directeur G\u00e9n\u00e9ral<\/p>\n\n<p><strong>Art. 46<\/strong>: Le Directeur G\u00e9n\u00e9ral de la T\u00e9l\u00e9vision Centrafricaine a pour attributions de :<\/p>\n\n<ul class=\"wp-block-list\">\n<li>animer, coordonner, superviser et \u00e9valuer les activit\u00e9s des Directions plac\u00e9es sous sa responsabilit\u00e9 ;<\/li>\n\n<li>proposer l\u2019orientation g\u00e9n\u00e9rale des programmes annuels de la T\u00e9l\u00e9vision,<\/li>\n\n<li>assurer le suivi de tous Actes, Arrangements, Conventions et Accords susceptibles de favoriser le d\u00e9veloppement de la T\u00e9l\u00e9vision ;<\/li>\n\n<li>adopter un programme innovant des \u00e9missions ;<\/li>\n\n<li>veiller \u00e0 la qualit\u00e9 des prestations et aux mesures de leur am\u00e9lioration ;<\/li>\n\n<li>veiller au bon fonctionnement des services de la T\u00e9l\u00e9vision ;<\/li>\n\n<li>produire un rapport p\u00e9riodique d\u2019activit\u00e9s de la Direction G\u00e9n\u00e9rale.<\/li>\n<\/ul>\n\n<p><strong>Art. 47<\/strong>\u00a0: La Direction G\u00e9n\u00e9rale de la T\u00e9l\u00e9vision Centrafricaine comprend :<\/p>\n\n<ul class=\"wp-block-list\">\n<li>une (1) Direction des Programmes ;<\/li>\n\n<li>une (1) Direction des Informations ;<\/li>\n\n<li>une (1) Direction des Services Techniques ;<\/li>\n<\/ul>\n\n<p><strong>SOUS-SECTION 1: DE LA DIRECTION DES PROGRAMMES\u00a0<\/strong><\/p>\n\n<p><strong>Art. 48\u00a0<\/strong>: la Direction des Programmes a pour mission l\u2019\u00e9tude, la conception et la mise en\u00a0\u0153uvre de la grille des programmes de la T\u00e9l\u00e9vision. Elle est plac\u00e9e sous la responsabilit\u00e9 d\u2019un Directeur.<\/p>\n\n<p><strong>Art. 49<\/strong>\u00a0: Le Directeur des Programmes a pour attributions de :<\/p>\n\n<ul class=\"wp-block-list\">\n<li>animer, coordonner, superviser et \u00e9valuer les activit\u00e9s des services plac\u00e9s sous sa responsabilit\u00e9 ;<\/li>\n\n<li>pr\u00e9sider les s\u00e9ances d\u2019\u00e9laboration des programmes ;<\/li>\n\n<li>examiner les projets d\u2019\u00e9mission et d\u00e9cider la diffusion ;<\/li>\n\n<li>veiller \u00e0 la pr\u00e9vision et \u00e0 la programmation des \u00e9missions sp\u00e9ciales ;<\/li>\n\n<li>superviser le choix des interpr\u00e8tes et com\u00e9diens pour la r\u00e9alisation de toutes les \u00e9missions t\u00e9l\u00e9visuelles ;<\/li>\n\n<li>veiller au respect par les producteurs, des crit\u00e8res physiques et vestimentaires de la pr\u00e9sentation ;<\/li>\n\n<li>approuver au pr\u00e9alable, le conducteur d\u2019antenne \u00e9tabli quotidiennement par le Service de la R\u00e9gie des Programmes ainsi que la d\u00e9claration des droits d\u2019auteurs des \u0153uvres musicales et litt\u00e9raires diffus\u00e9es par la T\u00e9l\u00e9vision<\/li>\n\n<li>veiller \u00e0 la bonne gestion de la polyth\u00e8que ;<\/li>\n\n<li>proposer de nouvelles gammes de programmes ;<\/li>\n\n<li>proc\u00e9der au sondage de la qualit\u00e9 des prestations et proposer des mesures d\u2019am\u00e9lioration ;<\/li>\n\n<li>produire un rapport p\u00e9riodique d\u2019activit\u00e9s de la Direction.<\/li>\n<\/ul>\n\n<p><strong>Art.50<\/strong>\u00a0: La Direction des Programmes comprend :<\/p>\n\n<ul class=\"wp-block-list\">\n<li>un (1) Service de la R\u00e9gie des Programmes ;<\/li>\n\n<li>un (1) Service de la Production et de R\u00e9alisation;<\/li>\n\n<li>un (1) Service de la Polyth\u00e8que ;<\/li>\n<\/ul>\n\n<p><strong>SOUS-SECTION 2 : DE LA DIRECTION DES INFORMATIONS<\/strong><\/p>\n\n<p><strong>Art.51:<\/strong>\u00a0La Direction des Informations a pour mission la conception, la r\u00e9daction et la\u00a0pr\u00e9sentation des diverses \u00e9ditions.\u00a0Elle est plac\u00e9e sous la responsabilit\u00e9 d\u2019un Directeur.<\/p>\n\n<p><strong>Art. 52<\/strong>\u00a0: Le Directeur des Informations a pour attributions de :<\/p>\n\n<ul class=\"wp-block-list\">\n<li>animer, coordonner, superviser et \u00e9valuer les activit\u00e9s des services plac\u00e9s sous sa responsabilit\u00e9 ;<\/li>\n\n<li>commander, planifier et programmer les chroniques, les \u00e9ditoriaux, les magazines et les d\u00e9bats ;<\/li>\n\n<li>veiller \u00e0 la couverture m\u00e9diatique des \u00e9v\u00e9nements nationaux et internationaux ;<\/li>\n\n<li>approuver le planning des journalistes et des reporters d\u00e9sign\u00e9s pour la pr\u00e9sentation des \u00e9ditions et des reportages ;<\/li>\n\n<li>veiller au respect par les pr\u00e9sentateurs, des crit\u00e8res physiques et vestimentaires de pr\u00e9sentation, pour une meilleure prestation;<\/li>\n\n<li>produire un rapport p\u00e9riodique d\u2019activit\u00e9s de la Direction.<\/li>\n<\/ul>\n\n<p><strong>Art. 53<\/strong>\u00a0: La Direction des Informations comprend :\u00a0<\/p>\n\n<ul class=\"wp-block-list\">\n<li>un (1) Service de R\u00e9daction ;<\/li>\n\n<li>un (1) Service de Reportage et des Sports ;<\/li>\n\n<li>un (1) Service du Secr\u00e9tariat de R\u00e9daction.<\/li>\n<\/ul>\n\n<p><strong>SOUS-SECTION 3 : DE LA DIRECTION DES SERVICES TECHNIQUES<\/strong><\/p>\n\n<p><strong>Art.54\u00a0<\/strong>: La Direction des Services Techniques a pour mission la coordination de\u00a0toutes les op\u00e9rations techniques de la T\u00e9l\u00e9vision. Elle est plac\u00e9e sous la responsabilit\u00e9 d\u2019un Directeur.<\/p>\n\n<p><strong>Art. 55<\/strong>\u00a0: Le Directeur des Services Techniques a pour attributions de :<\/p>\n\n<ul class=\"wp-block-list\">\n<li>animer, coordonner, superviser et \u00e9valuer les activit\u00e9s des services plac\u00e9s sous sa responsabilit\u00e9 ;<\/li>\n\n<li>veiller \u00e0 l\u2019entretien r\u00e9gulier et \u00e0 la r\u00e9paration des installations techniques de la T\u00e9l\u00e9vision ;<\/li>\n\n<li>participer, en collaboration avec le Directeur des Ressources, \u00e0 l\u2019\u00e9tude des projets techniques de la T\u00e9l\u00e9vision ;<\/li>\n\n<li>approuver le planning des techniciens charg\u00e9s de la maintenance et de l\u2019exploitation des \u00e9quipements de reportage, de retransmission et des Centres de Production et de Diffusion ;<\/li>\n\n<li>veiller \u00e0 la qualit\u00e9 technique des enregistrements dans leur globalit\u00e9 tant en studio qu\u2019\u00e0 l\u2019ext\u00e9rieur de la station et leur diffusion ;<\/li>\n\n<li>g\u00e9rer les installations techniques de la T\u00e9l\u00e9vision Centrafricaine ;<\/li>\n\n<li>produire un rapport p\u00e9riodique d\u2019activit\u00e9s de la Direction.<\/li>\n<\/ul>\n\n<p><strong>Art.56<\/strong>\u00a0: La Direction des Services Techniques de la T\u00e9l\u00e9vision comprend :<\/p>\n\n<ul class=\"wp-block-list\">\n<li>un (1) Service de la Maintenance et de la R\u00e9gie Technique ;<\/li>\n\n<li>un (1) Service de l\u2019Exploitation et des Reportages Techniques ;<\/li>\n\n<li>un (1) Service de la Diffusion.<\/li>\n<\/ul>\n\t\t\t\t\t\t\t\t<\/div>\n\t\t\t\t<\/div>\n\t\t\t\t\t<\/div>\n\t\t<\/div>\n\t\t\t\t\t<\/div>\n\t\t<\/section>\n\t\t\t\t<\/div>\n\t\t","protected":false},"excerpt":{"rendered":"<p>L&rsquo;organisation de la T&eacute;l&eacute;vision Nationale &nbsp; SECTION 2: DE LA DIRECTION GENERALE DE LA TELEVISION CENTRAFRICAINE Art. 45:&nbsp;La Direction G&eacute;n&eacute;rale [&hellip;]<\/p>\n","protected":false},"author":1,"featured_media":0,"parent":0,"menu_order":0,"comment_status":"closed","ping_status":"closed","template":"","meta":{"_seopress_robots_primary_cat":"","_seopress_titles_title":"","_seopress_titles_desc":"","_seopress_robots_index":"","om_disable_all_campaigns":false,"_monsterinsights_skip_tracking":false,"_monsterinsights_sitenote_active":false,"_monsterinsights_sitenote_note":"","_monsterinsights_sitenote_category":0,"site-sidebar-layout":"default","site-content-layout":"","ast-site-content-layout":"default","site-content-style":"default","site-sidebar-style":"default","ast-global-header-display":"","ast-banner-title-visibility":"","ast-main-header-display":"","ast-hfb-above-header-display":"","ast-hfb-below-header-display":"","ast-hfb-mobile-header-display":"","site-post-title":"","ast-breadcrumbs-content":"","ast-featured-img":"","footer-sml-layout":"","theme-transparent-header-meta":"","adv-header-id-meta":"","stick-header-meta":"","header-above-stick-meta":"","header-main-stick-meta":"","header-below-stick-meta":"","astra-migrate-meta-layouts":"default","ast-page-background-enabled":"default","ast-page-background-meta":{"desktop":{"background-color":"var(--ast-global-color-5)","background-image":"","background-repeat":"repeat","background-position":"center center","background-size":"auto","background-attachment":"scroll","background-type":"","background-media":"","overlay-type":"","overlay-color":"","overlay-opacity":"","overlay-gradient":""},"tablet":{"background-color":"","background-image":"","background-repeat":"repeat","background-position":"center center","background-size":"auto","background-attachment":"scroll","background-type":"","background-media":"","overlay-type":"","overlay-color":"","overlay-opacity":"","overlay-gradient":""},"mobile":{"background-color":"","background-image":"","background-repeat":"repeat","background-position":"center center","background-size":"auto","background-attachment":"scroll","background-type":"","background-media":"","overlay-type":"","overlay-color":"","overlay-opacity":"","overlay-gradient":""}},"ast-content-background-meta":{"desktop":{"background-color":"var(--ast-global-color-4)","background-image":"","background-repeat":"repeat","background-position":"center center","background-size":"auto","background-attachment":"scroll","background-type":"","background-media":"","overlay-type":"","overlay-color":"","overlay-opacity":"","overlay-gradient":""},"tablet":{"background-color":"var(--ast-global-color-4)","background-image":"","background-repeat":"repeat","background-position":"center center","background-size":"auto","background-attachment":"scroll","background-type":"","background-media":"","overlay-type":"","overlay-color":"","overlay-opacity":"","overlay-gradient":""},"mobile":{"background-color":"var(--ast-global-color-4)","background-image":"","background-repeat":"repeat","background-position":"center center","background-size":"auto","background-attachment":"scroll","background-type":"","background-media":"","overlay-type":"","overlay-color":"","overlay-opacity":"","overlay-gradient":""}},"footnotes":""},"class_list":["post-261","page","type-page","status-publish","hentry"],"yoast_head":"<!-- This site is optimized with the Yoast SEO plugin v26.9 - https:\/\/yoast.com\/product\/yoast-seo-wordpress\/ -->\n<title>T\u00e9l\u00e9vision Centrafricaine TCF - MINISTERE DE LA COMMUNICATION ET DES MEDIAS DE LA REPUBLIQUE CENTRAFRICAINE<\/title>\n<meta name=\"robots\" content=\"index, follow, max-snippet:-1, max-image-preview:large, max-video-preview:-1\" \/>\n<link rel=\"canonical\" href=\"https:\/\/communicationrca.com\/index.php\/television-centrafricaine-tvca\/\" \/>\n<meta property=\"og:locale\" content=\"fr_FR\" \/>\n<meta property=\"og:type\" content=\"article\" \/>\n<meta property=\"og:title\" content=\"T\u00e9l\u00e9vision Centrafricaine TCF - MINISTERE DE LA COMMUNICATION ET DES MEDIAS DE LA REPUBLIQUE CENTRAFRICAINE\" \/>\n<meta property=\"og:description\" content=\"L&rsquo;organisation de la T&eacute;l&eacute;vision Nationale &nbsp; SECTION 2: DE LA DIRECTION GENERALE DE LA TELEVISION CENTRAFRICAINE Art. 45:&nbsp;La Direction G&eacute;n&eacute;rale [&hellip;]\" \/>\n<meta property=\"og:url\" content=\"https:\/\/communicationrca.com\/index.php\/television-centrafricaine-tvca\/\" \/>\n<meta property=\"og:site_name\" content=\"MINISTERE DE LA COMMUNICATION ET DES MEDIAS DE LA REPUBLIQUE CENTRAFRICAINE\" \/>\n<meta property=\"article:modified_time\" content=\"2025-04-18T09:50:06+00:00\" \/>\n<meta name=\"twitter:card\" content=\"summary_large_image\" \/>\n<meta name=\"twitter:label1\" content=\"Dur\u00e9e de lecture estim\u00e9e\" \/>\n\t<meta name=\"twitter:data1\" content=\"4 minutes\" \/>\n<script type=\"application\/ld+json\" class=\"yoast-schema-graph\">{\"@context\":\"https:\/\/schema.org\",\"@graph\":[{\"@type\":\"WebPage\",\"@id\":\"https:\/\/communicationrca.com\/index.php\/television-centrafricaine-tvca\/\",\"url\":\"https:\/\/communicationrca.com\/index.php\/television-centrafricaine-tvca\/\",\"name\":\"T\u00e9l\u00e9vision Centrafricaine TCF - MINISTERE DE LA COMMUNICATION ET DES MEDIAS DE LA REPUBLIQUE CENTRAFRICAINE\",\"isPartOf\":{\"@id\":\"https:\/\/communicationrca.com\/#website\"},\"datePublished\":\"2025-04-18T09:36:52+00:00\",\"dateModified\":\"2025-04-18T09:50:06+00:00\",\"breadcrumb\":{\"@id\":\"https:\/\/communicationrca.com\/index.php\/television-centrafricaine-tvca\/#breadcrumb\"},\"inLanguage\":\"fr-FR\",\"potentialAction\":[{\"@type\":\"ReadAction\",\"target\":[\"https:\/\/communicationrca.com\/index.php\/television-centrafricaine-tvca\/\"]}]},{\"@type\":\"BreadcrumbList\",\"@id\":\"https:\/\/communicationrca.com\/index.php\/television-centrafricaine-tvca\/#breadcrumb\",\"itemListElement\":[{\"@type\":\"ListItem\",\"position\":1,\"name\":\"Accueil\",\"item\":\"https:\/\/communicationrca.com\/\"},{\"@type\":\"ListItem\",\"position\":2,\"name\":\"T\u00e9l\u00e9vision Centrafricaine TCF\"}]},{\"@type\":\"WebSite\",\"@id\":\"https:\/\/communicationrca.com\/#website\",\"url\":\"https:\/\/communicationrca.com\/\",\"name\":\"Minist\u00e8re de la Communication et des M\u00e9dias\",\"description\":\"MINISTERE DE LA COMMUNICATION ET DES MEDIAS (MCM)\",\"publisher\":{\"@id\":\"https:\/\/communicationrca.com\/#organization\"},\"potentialAction\":[{\"@type\":\"SearchAction\",\"target\":{\"@type\":\"EntryPoint\",\"urlTemplate\":\"https:\/\/communicationrca.com\/?s={search_term_string}\"},\"query-input\":{\"@type\":\"PropertyValueSpecification\",\"valueRequired\":true,\"valueName\":\"search_term_string\"}}],\"inLanguage\":\"fr-FR\"},{\"@type\":\"Organization\",\"@id\":\"https:\/\/communicationrca.com\/#organization\",\"name\":\"Minist\u00e8re de la Communication et des M\u00e9dias\",\"url\":\"https:\/\/communicationrca.com\/\",\"logo\":{\"@type\":\"ImageObject\",\"inLanguage\":\"fr-FR\",\"@id\":\"https:\/\/communicationrca.com\/#\/schema\/logo\/image\/\",\"url\":\"https:\/\/communicationrca.com\/wp-content\/uploads\/2025\/07\/Armoiries-de-la-Republique-centrafricaine.png\",\"contentUrl\":\"https:\/\/communicationrca.com\/wp-content\/uploads\/2025\/07\/Armoiries-de-la-Republique-centrafricaine.png\",\"width\":625,\"height\":354,\"caption\":\"Minist\u00e8re de la Communication et des M\u00e9dias\"},\"image\":{\"@id\":\"https:\/\/communicationrca.com\/#\/schema\/logo\/image\/\"}}]}<\/script>\n<!-- \/ Yoast SEO plugin. -->","yoast_head_json":{"title":"T\u00e9l\u00e9vision Centrafricaine TCF - MINISTERE DE LA COMMUNICATION ET DES MEDIAS DE LA REPUBLIQUE CENTRAFRICAINE","robots":{"index":"index","follow":"follow","max-snippet":"max-snippet:-1","max-image-preview":"max-image-preview:large","max-video-preview":"max-video-preview:-1"},"canonical":"https:\/\/communicationrca.com\/index.php\/television-centrafricaine-tvca\/","og_locale":"fr_FR","og_type":"article","og_title":"T\u00e9l\u00e9vision Centrafricaine TCF - MINISTERE DE LA COMMUNICATION ET DES MEDIAS DE LA REPUBLIQUE CENTRAFRICAINE","og_description":"L&rsquo;organisation de la T&eacute;l&eacute;vision Nationale &nbsp; SECTION 2: DE LA DIRECTION GENERALE DE LA TELEVISION CENTRAFRICAINE Art. 45:&nbsp;La Direction G&eacute;n&eacute;rale [&hellip;]","og_url":"https:\/\/communicationrca.com\/index.php\/television-centrafricaine-tvca\/","og_site_name":"MINISTERE DE LA COMMUNICATION ET DES MEDIAS DE LA REPUBLIQUE CENTRAFRICAINE","article_modified_time":"2025-04-18T09:50:06+00:00","twitter_card":"summary_large_image","twitter_misc":{"Dur\u00e9e de lecture estim\u00e9e":"4 minutes"},"schema":{"@context":"https:\/\/schema.org","@graph":[{"@type":"WebPage","@id":"https:\/\/communicationrca.com\/index.php\/television-centrafricaine-tvca\/","url":"https:\/\/communicationrca.com\/index.php\/television-centrafricaine-tvca\/","name":"T\u00e9l\u00e9vision Centrafricaine TCF - MINISTERE DE LA COMMUNICATION ET DES MEDIAS DE LA REPUBLIQUE CENTRAFRICAINE","isPartOf":{"@id":"https:\/\/communicationrca.com\/#website"},"datePublished":"2025-04-18T09:36:52+00:00","dateModified":"2025-04-18T09:50:06+00:00","breadcrumb":{"@id":"https:\/\/communicationrca.com\/index.php\/television-centrafricaine-tvca\/#breadcrumb"},"inLanguage":"fr-FR","potentialAction":[{"@type":"ReadAction","target":["https:\/\/communicationrca.com\/index.php\/television-centrafricaine-tvca\/"]}]},{"@type":"BreadcrumbList","@id":"https:\/\/communicationrca.com\/index.php\/television-centrafricaine-tvca\/#breadcrumb","itemListElement":[{"@type":"ListItem","position":1,"name":"Accueil","item":"https:\/\/communicationrca.com\/"},{"@type":"ListItem","position":2,"name":"T\u00e9l\u00e9vision Centrafricaine TCF"}]},{"@type":"WebSite","@id":"https:\/\/communicationrca.com\/#website","url":"https:\/\/communicationrca.com\/","name":"Minist\u00e8re de la Communication et des M\u00e9dias","description":"MINISTERE DE LA COMMUNICATION ET DES MEDIAS (MCM)","publisher":{"@id":"https:\/\/communicationrca.com\/#organization"},"potentialAction":[{"@type":"SearchAction","target":{"@type":"EntryPoint","urlTemplate":"https:\/\/communicationrca.com\/?s={search_term_string}"},"query-input":{"@type":"PropertyValueSpecification","valueRequired":true,"valueName":"search_term_string"}}],"inLanguage":"fr-FR"},{"@type":"Organization","@id":"https:\/\/communicationrca.com\/#organization","name":"Minist\u00e8re de la Communication et des M\u00e9dias","url":"https:\/\/communicationrca.com\/","logo":{"@type":"ImageObject","inLanguage":"fr-FR","@id":"https:\/\/communicationrca.com\/#\/schema\/logo\/image\/","url":"https:\/\/communicationrca.com\/wp-content\/uploads\/2025\/07\/Armoiries-de-la-Republique-centrafricaine.png","contentUrl":"https:\/\/communicationrca.com\/wp-content\/uploads\/2025\/07\/Armoiries-de-la-Republique-centrafricaine.png","width":625,"height":354,"caption":"Minist\u00e8re de la Communication et des M\u00e9dias"},"image":{"@id":"https:\/\/communicationrca.com\/#\/schema\/logo\/image\/"}}]}},"_links":{"self":[{"href":"https:\/\/communicationrca.com\/index.php\/wp-json\/wp\/v2\/pages\/261","targetHints":{"allow":["GET"]}}],"collection":[{"href":"https:\/\/communicationrca.com\/index.php\/wp-json\/wp\/v2\/pages"}],"about":[{"href":"https:\/\/communicationrca.com\/index.php\/wp-json\/wp\/v2\/types\/page"}],"author":[{"embeddable":true,"href":"https:\/\/communicationrca.com\/index.php\/wp-json\/wp\/v2\/users\/1"}],"replies":[{"embeddable":true,"href":"https:\/\/communicationrca.com\/index.php\/wp-json\/wp\/v2\/comments?post=261"}],"version-history":[{"count":10,"href":"https:\/\/communicationrca.com\/index.php\/wp-json\/wp\/v2\/pages\/261\/revisions"}],"predecessor-version":[{"id":275,"href":"https:\/\/communicationrca.com\/index.php\/wp-json\/wp\/v2\/pages\/261\/revisions\/275"}],"wp:attachment":[{"href":"https:\/\/communicationrca.com\/index.php\/wp-json\/wp\/v2\/media?parent=261"}],"curies":[{"name":"wp","href":"https:\/\/api.w.org\/{rel}","templated":true}]}}