{"id":384,"date":"2025-04-18T15:01:16","date_gmt":"2025-04-18T13:01:16","guid":{"rendered":"http:\/\/localhost\/mcm\/?page_id=384"},"modified":"2025-09-17T15:51:21","modified_gmt":"2025-09-17T14:51:21","slug":"radio-centrafricaine","status":"publish","type":"page","link":"https:\/\/communicationrca.com\/index.php\/radio-centrafricaine\/","title":{"rendered":"Radio Centrafricaine"},"content":{"rendered":"\t\t<div data-elementor-type=\"wp-page\" data-elementor-id=\"384\" class=\"elementor elementor-384\" data-elementor-post-type=\"page\">\n\t\t\t\t\t\t<section class=\"elementor-section elementor-top-section elementor-element elementor-element-2b30bd77 elementor-section-boxed elementor-section-height-default elementor-section-height-default\" data-id=\"2b30bd77\" data-element_type=\"section\">\n\t\t\t\t\t\t<div class=\"elementor-container elementor-column-gap-default\">\n\t\t\t\t\t<div class=\"elementor-column elementor-col-100 elementor-top-column elementor-element elementor-element-35176862\" data-id=\"35176862\" data-element_type=\"column\">\n\t\t\t<div class=\"elementor-widget-wrap elementor-element-populated\">\n\t\t\t\t\t\t<div class=\"elementor-element elementor-element-8a5f8aa elementor-widget elementor-widget-text-editor\" data-id=\"8a5f8aa\" data-element_type=\"widget\" data-widget_type=\"text-editor.default\">\n\t\t\t\t<div class=\"elementor-widget-container\">\n\t\t\t\t\t\t\t\t\t\n<h1 style=\"text-align: center;\"><span style=\"color: #ff0000;\">L&rsquo;organisation de la Radio Nationale<\/span><\/h1>\n<p>\u00a0<\/p>\n\n<p><strong>CHAPITRE 2 : DES DIRECTIONS G\u00c9N\u00c9RALES<\/strong><\/p>\n\n<p><strong>SECTION 1 : DE LA DIRECTION G\u00c9N\u00c9RALE DE RADIO CENTRAFRIQUE<\/strong><\/p>\n\n<p><strong>Art. 33:<\/strong>\u00a0La Direction G\u00e9n\u00e9rale de Radio Centrafrique a pour mission la collecte,\u00a0l\u2019analyse et la diffusion des informations ainsi que la \u00a0mise en \u0153uvre des\u00a0programmes innovants et attrayants en mati\u00e8re d\u2019information, d\u2019\u00e9ducation, de culture, et de distraction du public. Elle est plac\u00e9e sous la responsabilit\u00e9 d\u2019un Directeur G\u00e9n\u00e9ral.<\/p>\n\n<p><strong>Art. 34\u00a0<\/strong>: Le Directeur G\u00e9n\u00e9ral de Radio Centrafrique a pour attributions de :<\/p>\n\n<ul class=\"wp-block-list\">\n<li>animer, coordonner, superviser et \u00e9valuer les activit\u00e9s des Directions plac\u00e9es sous sa responsabilit\u00e9 ;<\/li>\n\n<li>proposer l\u2019orientation g\u00e9n\u00e9rale des programmes annuels de Radio Centrafrique ;<\/li>\n\n<li>assurer la qualit\u00e9 des prestations et proposer des mesures d\u2019am\u00e9lioration ;<\/li>\n\n<li>veiller au respect de la ligne \u00e9ditoriale de la Radio ;<\/li>\n\n<li>assurer le suivi de tous Actes, Arrangements, Conventions et Accords susceptibles de favoriser le d\u00e9veloppement de Radio Centrafrique ;<\/li>\n\n<li>adapter le programme de la Radio aux exigences du monde moderne ;<\/li>\n\n<li>Produire un rapport p\u00e9riodique des activit\u00e9s de la Direction G\u00e9n\u00e9rale.<\/li>\n<\/ul>\n\n<p><strong>Art. 35<\/strong>: La Direction G\u00e9n\u00e9rale de Radio Centrafrique comprend :<\/p>\n\n<ul class=\"wp-block-list\">\n<li>une (1) Direction des Programmes;<\/li>\n\n<li>une (1) Direction des Informations ;<\/li>\n\n<li>une (1) Direction des Services Techniques ;\u00a0<\/li>\n<\/ul>\n\n<p><strong>SOUS SECTION 1 : DE LA DIRECTION DES PROGRAMMES\u00a0<\/strong><\/p>\n\n<p><strong>Art.36<\/strong>\u00a0: la Direction des Programmes a pour mission la programmation de toutes les\u00a0\u00e9missions radiophoniques et l\u2019appui \u00e0 la politique du Gouvernement en mati\u00e8re\u00a0de d\u00e9veloppement et l\u2019\u00e9laboration \u00a0p\u00e9riodique de la grille des programme.\u00a0 Elle est plac\u00e9e sous la responsabilit\u00e9 d\u2019un Directeur.<\/p>\n\n<p><strong>Art. 37<\/strong>\u00a0: Le Directeur des Programmes a pour attributions de :<\/p>\n\n<ul class=\"wp-block-list\">\n<li>animer, coordonner, superviser et \u00e9valuer les activit\u00e9s des services plac\u00e9s sous sa responsabilit\u00e9 ;<\/li>\n\n<li>pr\u00e9sider les s\u00e9ances d\u2019\u00e9laboration des programmes ;<\/li>\n\n<li>examiner les projets d\u2019\u00e9missions et d\u00e9cider de leur r\u00e9alisation ;<\/li>\n\n<li>veiller \u00e0 la pr\u00e9vision et \u00e0 \u00a0la programmation des \u00e9missions sp\u00e9cialis\u00e9es ;<\/li>\n\n<li>superviser le choix des interpr\u00e8tes et com\u00e9diens pour la r\u00e9alisation de toutes les \u00e9missions radiophoniques ;<\/li>\n\n<li>approuver au pr\u00e9alable le conducteur d\u2019antenne \u00e9tabli quotidiennement par le service de la R\u00e9gie des Programmes ainsi que la d\u00e9claration des droits d\u2019auteurs des \u0153uvres musicales et litt\u00e9raires diffus\u00e9es par la Radio Centrafrique ;<\/li>\n\n<li>proposer des programmes adapt\u00e9s aux r\u00e9alit\u00e9s nationales ;<\/li>\n\n<li>approuver le planning des animateurs des tranches d\u2019antennes ;<\/li>\n\n<li>veiller \u00e0 la bonne gestion de la polyth\u00e8que ;<\/li>\n\n<li>coordonner les \u00e9missions radiophoniques de tous les d\u00e9partements et tout autre organisme public ou priv\u00e9 ;<\/li>\n\n<li>produire un rapport p\u00e9riodique d\u2019activit\u00e9s de la Direction.<\/li>\n<\/ul>\n\n<p><strong>Art.38<\/strong>\u00a0: La Direction des Programmes comprend :\u00a0<\/p>\n\n<ul class=\"wp-block-list\">\n<li>un (1) Service de la R\u00e9gie des Programmes ;<\/li>\n\n<li>un (1) Service de la Production, Animation et R\u00e9alisation ;<\/li>\n\n<li>un (1) Service de la Polyth\u00e8que.<\/li>\n\n<li>SOUS SECTION 2 : DE LA DIRECTION DES INFORMATIONS<\/li>\n<\/ul>\n\n<p><strong>Art.39<\/strong>\u00a0: La Direction des Informations a pour mission la d\u00e9termination de l\u2019orientation\u00a0sp\u00e9cifique de chaque \u00e9dition tant sur le fond que sur la forme, la recherche,\u00a0la collecte, l\u2019analyse, le traitement, la diffusion par des moyens modernes\u00a0des informations. Elle est plac\u00e9e sous la responsabilit\u00e9 d\u2019un Directeur.<\/p>\n\n<p><strong>Art.40<\/strong>\u00a0: Le Directeur des Informations a pour attributions de :<\/p>\n\n<ul class=\"wp-block-list\">\n<li>animer, coordonner, superviser et \u00e9valuer les activit\u00e9s des Services plac\u00e9s sous sa responsabilit\u00e9 ;<\/li>\n\n<li>superviser la conception, la r\u00e9daction et la pr\u00e9sentation des diverses \u00e9ditions des informations ;<\/li>\n\n<li>commander, planifier et programmer les chroniques, les \u00e9ditoriaux, les magazines, les revues de presse et les d\u00e9bats ;<\/li>\n\n<li>veiller \u00e0 la couverture m\u00e9diatique des \u00e9v\u00e9nements nationaux et internationaux ;<\/li>\n\n<li>autoriser la diffusion vers l\u2019\u00e9tranger, des nouvelles nationales et des images soumises par les services concern\u00e9s ;<\/li>\n\n<li>produire un rapport p\u00e9riodique d\u2019activit\u00e9s de la Direction.<\/li>\n<\/ul>\n\n<p><strong>Art.41<\/strong>\u00a0: La Direction des Informations comprend :<\/p>\n\n<ul class=\"wp-block-list\">\n<li>un (1) Service de R\u00e9daction ;<\/li>\n\n<li>un (1) Service des Reportages et des Sports ;<\/li>\n\n<li>un (1) Service du Secr\u00e9tariat de R\u00e9daction.<\/li>\n<\/ul>\n\n<p><strong>SOUS SECTION 3 : DE LA DIRECTION DES SERVICES TECHNIQUES<\/strong><\/p>\n\n<p><strong>Art.42<\/strong>\u00a0: La Direction des Services Techniques a pour mission la coordination de\u00a0toutes les op\u00e9rations techniques. Elle est plac\u00e9e sous la responsabilit\u00e9 d\u2019un Directeur.<\/p>\n\n<p><strong>Art. 43<\/strong>\u00a0: Le Directeur des Services Techniques a pour attributions de :<\/p>\n\n<ul class=\"wp-block-list\">\n<li>animer, coordonner, superviser et \u00e9valuer les activit\u00e9s des services plac\u00e9s sous sa responsabilit\u00e9 ;<\/li>\n\n<li>assurer la maintenance de tous les appareils, la fourniture de tous les \u00e9quipements techniques et produits n\u00e9cessaires \u00e0 leur fonctionnement ;<\/li>\n\n<li>veiller \u00e0 l\u2019entretien r\u00e9gulier et \u00e0 la r\u00e9paration des installations techniques de Radio Centrafrique ;<\/li>\n\n<li>participer, en collaboration avec le Directeur des Ressources \u00e0 la mise en \u0153uvre des projets techniques ;<\/li>\n\n<li>approuver le planning des techniciens charg\u00e9s de la maintenance et de l\u2019exploitation des \u00e9quipements de reportage, de retransmission et des Centres de Production et de Diffusion ;<\/li>\n\n<li>veiller \u00e0 la qualit\u00e9 technique des enregistrements dans leur globalit\u00e9 tant en studio qu\u2019\u00e0 l\u2019ext\u00e9rieur de la station et leur diffusion ;<\/li>\n\n<li>g\u00e9rer les installations techniques de Radio Centrafrique ;<\/li>\n\n<li>proposer les marques des \u00e9quipements \u00e0 acqu\u00e9rir pour le fonctionnement des services ;<\/li>\n\n<li>produire un rapport p\u00e9riodique d\u2019activit\u00e9s de la Direction.<\/li>\n<\/ul>\n\n<p><strong>Art. 44<\/strong>: La Direction des Services Techniques comprend :<\/p>\n\n<ul class=\"wp-block-list\">\n<li>un (1) Service Technique et de la Maintenance ;<\/li>\n\n<li>un (1) Service d\u2019Exploitation et des Reportages Techniques ;<\/li>\n\n<li>un (1) Service de Diffusion.<\/li>\n<\/ul>\n\t\t\t\t\t\t\t\t<\/div>\n\t\t\t\t<\/div>\n\t\t\t\t\t<\/div>\n\t\t<\/div>\n\t\t\t\t\t<\/div>\n\t\t<\/section>\n\t\t\t\t<\/div>\n\t\t","protected":false},"excerpt":{"rendered":"<p>L&rsquo;organisation de la Radio Nationale &nbsp; CHAPITRE 2 : DES DIRECTIONS G&Eacute;N&Eacute;RALES SECTION 1 : DE LA DIRECTION G&Eacute;N&Eacute;RALE DE [&hellip;]<\/p>\n","protected":false},"author":1,"featured_media":0,"parent":0,"menu_order":0,"comment_status":"closed","ping_status":"closed","template":"","meta":{"_seopress_robots_primary_cat":"","_seopress_titles_title":"Organisation de la Radio Centrafrique : directions, missions, services et responsabilit\u00e9s pour une radiodiffusion moderne et nationale.","_seopress_titles_desc":"D\u00e9couvrez la structure de la Radio Centrafrique : ses directions g\u00e9n\u00e9rales, missions, attributions et services techniques pour une communication nationale efficace.","_seopress_robots_index":"","om_disable_all_campaigns":false,"_monsterinsights_skip_tracking":false,"_monsterinsights_sitenote_active":false,"_monsterinsights_sitenote_note":"","_monsterinsights_sitenote_category":0,"site-sidebar-layout":"default","site-content-layout":"","ast-site-content-layout":"default","site-content-style":"default","site-sidebar-style":"default","ast-global-header-display":"","ast-banner-title-visibility":"","ast-main-header-display":"","ast-hfb-above-header-display":"","ast-hfb-below-header-display":"","ast-hfb-mobile-header-display":"","site-post-title":"","ast-breadcrumbs-content":"","ast-featured-img":"","footer-sml-layout":"","theme-transparent-header-meta":"default","adv-header-id-meta":"","stick-header-meta":"","header-above-stick-meta":"","header-main-stick-meta":"","header-below-stick-meta":"","astra-migrate-meta-layouts":"set","ast-page-background-enabled":"default","ast-page-background-meta":{"desktop":{"background-color":"var(--ast-global-color-5)","background-image":"","background-repeat":"repeat","background-position":"center center","background-size":"auto","background-attachment":"scroll","background-type":"","background-media":"","overlay-type":"","overlay-color":"","overlay-opacity":"","overlay-gradient":""},"tablet":{"background-color":"","background-image":"","background-repeat":"repeat","background-position":"center center","background-size":"auto","background-attachment":"scroll","background-type":"","background-media":"","overlay-type":"","overlay-color":"","overlay-opacity":"","overlay-gradient":""},"mobile":{"background-color":"","background-image":"","background-repeat":"repeat","background-position":"center center","background-size":"auto","background-attachment":"scroll","background-type":"","background-media":"","overlay-type":"","overlay-color":"","overlay-opacity":"","overlay-gradient":""}},"ast-content-background-meta":{"desktop":{"background-color":"var(--ast-global-color-4)","background-image":"","background-repeat":"repeat","background-position":"center center","background-size":"auto","background-attachment":"scroll","background-type":"","background-media":"","overlay-type":"","overlay-color":"","overlay-opacity":"","overlay-gradient":""},"tablet":{"background-color":"var(--ast-global-color-4)","background-image":"","background-repeat":"repeat","background-position":"center center","background-size":"auto","background-attachment":"scroll","background-type":"","background-media":"","overlay-type":"","overlay-color":"","overlay-opacity":"","overlay-gradient":""},"mobile":{"background-color":"var(--ast-global-color-4)","background-image":"","background-repeat":"repeat","background-position":"center center","background-size":"auto","background-attachment":"scroll","background-type":"","background-media":"","overlay-type":"","overlay-color":"","overlay-opacity":"","overlay-gradient":""}},"footnotes":""},"class_list":["post-384","page","type-page","status-publish","hentry"],"yoast_head":"<!-- This site is optimized with the Yoast SEO plugin v26.9 - https:\/\/yoast.com\/product\/yoast-seo-wordpress\/ -->\n<title>Radio Centrafricaine - MINISTERE DE LA COMMUNICATION ET DES MEDIAS DE LA REPUBLIQUE CENTRAFRICAINE<\/title>\n<meta name=\"robots\" content=\"index, follow, max-snippet:-1, max-image-preview:large, max-video-preview:-1\" \/>\n<link rel=\"canonical\" href=\"https:\/\/communicationrca.com\/index.php\/radio-centrafricaine\/\" \/>\n<meta property=\"og:locale\" content=\"fr_FR\" \/>\n<meta property=\"og:type\" content=\"article\" \/>\n<meta property=\"og:title\" content=\"Radio Centrafricaine - MINISTERE DE LA COMMUNICATION ET DES MEDIAS DE LA REPUBLIQUE CENTRAFRICAINE\" \/>\n<meta property=\"og:description\" content=\"L&rsquo;organisation de la Radio Nationale &nbsp; CHAPITRE 2 : DES DIRECTIONS G&Eacute;N&Eacute;RALES SECTION 1 : DE LA DIRECTION G&Eacute;N&Eacute;RALE DE [&hellip;]\" \/>\n<meta property=\"og:url\" content=\"https:\/\/communicationrca.com\/index.php\/radio-centrafricaine\/\" \/>\n<meta property=\"og:site_name\" content=\"MINISTERE DE LA COMMUNICATION ET DES MEDIAS DE LA REPUBLIQUE CENTRAFRICAINE\" \/>\n<meta property=\"article:modified_time\" content=\"2025-09-17T14:51:21+00:00\" \/>\n<meta name=\"twitter:card\" content=\"summary_large_image\" \/>\n<meta name=\"twitter:label1\" content=\"Dur\u00e9e de lecture estim\u00e9e\" \/>\n\t<meta name=\"twitter:data1\" content=\"4 minutes\" \/>\n<script type=\"application\/ld+json\" class=\"yoast-schema-graph\">{\"@context\":\"https:\/\/schema.org\",\"@graph\":[{\"@type\":\"WebPage\",\"@id\":\"https:\/\/communicationrca.com\/index.php\/radio-centrafricaine\/\",\"url\":\"https:\/\/communicationrca.com\/index.php\/radio-centrafricaine\/\",\"name\":\"Radio Centrafricaine - MINISTERE DE LA COMMUNICATION ET DES MEDIAS DE LA REPUBLIQUE CENTRAFRICAINE\",\"isPartOf\":{\"@id\":\"https:\/\/communicationrca.com\/#website\"},\"datePublished\":\"2025-04-18T13:01:16+00:00\",\"dateModified\":\"2025-09-17T14:51:21+00:00\",\"breadcrumb\":{\"@id\":\"https:\/\/communicationrca.com\/index.php\/radio-centrafricaine\/#breadcrumb\"},\"inLanguage\":\"fr-FR\",\"potentialAction\":[{\"@type\":\"ReadAction\",\"target\":[\"https:\/\/communicationrca.com\/index.php\/radio-centrafricaine\/\"]}]},{\"@type\":\"BreadcrumbList\",\"@id\":\"https:\/\/communicationrca.com\/index.php\/radio-centrafricaine\/#breadcrumb\",\"itemListElement\":[{\"@type\":\"ListItem\",\"position\":1,\"name\":\"Accueil\",\"item\":\"https:\/\/communicationrca.com\/\"},{\"@type\":\"ListItem\",\"position\":2,\"name\":\"Radio Centrafricaine\"}]},{\"@type\":\"WebSite\",\"@id\":\"https:\/\/communicationrca.com\/#website\",\"url\":\"https:\/\/communicationrca.com\/\",\"name\":\"Minist\u00e8re de la Communication et des M\u00e9dias\",\"description\":\"MINISTERE DE LA COMMUNICATION ET DES MEDIAS (MCM)\",\"publisher\":{\"@id\":\"https:\/\/communicationrca.com\/#organization\"},\"potentialAction\":[{\"@type\":\"SearchAction\",\"target\":{\"@type\":\"EntryPoint\",\"urlTemplate\":\"https:\/\/communicationrca.com\/?s={search_term_string}\"},\"query-input\":{\"@type\":\"PropertyValueSpecification\",\"valueRequired\":true,\"valueName\":\"search_term_string\"}}],\"inLanguage\":\"fr-FR\"},{\"@type\":\"Organization\",\"@id\":\"https:\/\/communicationrca.com\/#organization\",\"name\":\"Minist\u00e8re de la Communication et des M\u00e9dias\",\"url\":\"https:\/\/communicationrca.com\/\",\"logo\":{\"@type\":\"ImageObject\",\"inLanguage\":\"fr-FR\",\"@id\":\"https:\/\/communicationrca.com\/#\/schema\/logo\/image\/\",\"url\":\"https:\/\/communicationrca.com\/wp-content\/uploads\/2025\/07\/Armoiries-de-la-Republique-centrafricaine.png\",\"contentUrl\":\"https:\/\/communicationrca.com\/wp-content\/uploads\/2025\/07\/Armoiries-de-la-Republique-centrafricaine.png\",\"width\":625,\"height\":354,\"caption\":\"Minist\u00e8re de la Communication et des M\u00e9dias\"},\"image\":{\"@id\":\"https:\/\/communicationrca.com\/#\/schema\/logo\/image\/\"}}]}<\/script>\n<!-- \/ Yoast SEO plugin. -->","yoast_head_json":{"title":"Radio Centrafricaine - MINISTERE DE LA COMMUNICATION ET DES MEDIAS DE LA REPUBLIQUE CENTRAFRICAINE","robots":{"index":"index","follow":"follow","max-snippet":"max-snippet:-1","max-image-preview":"max-image-preview:large","max-video-preview":"max-video-preview:-1"},"canonical":"https:\/\/communicationrca.com\/index.php\/radio-centrafricaine\/","og_locale":"fr_FR","og_type":"article","og_title":"Radio Centrafricaine - MINISTERE DE LA COMMUNICATION ET DES MEDIAS DE LA REPUBLIQUE CENTRAFRICAINE","og_description":"L&rsquo;organisation de la Radio Nationale &nbsp; CHAPITRE 2 : DES DIRECTIONS G&Eacute;N&Eacute;RALES SECTION 1 : DE LA DIRECTION G&Eacute;N&Eacute;RALE DE [&hellip;]","og_url":"https:\/\/communicationrca.com\/index.php\/radio-centrafricaine\/","og_site_name":"MINISTERE DE LA COMMUNICATION ET DES MEDIAS DE LA REPUBLIQUE CENTRAFRICAINE","article_modified_time":"2025-09-17T14:51:21+00:00","twitter_card":"summary_large_image","twitter_misc":{"Dur\u00e9e de lecture estim\u00e9e":"4 minutes"},"schema":{"@context":"https:\/\/schema.org","@graph":[{"@type":"WebPage","@id":"https:\/\/communicationrca.com\/index.php\/radio-centrafricaine\/","url":"https:\/\/communicationrca.com\/index.php\/radio-centrafricaine\/","name":"Radio Centrafricaine - MINISTERE DE LA COMMUNICATION ET DES MEDIAS DE LA REPUBLIQUE CENTRAFRICAINE","isPartOf":{"@id":"https:\/\/communicationrca.com\/#website"},"datePublished":"2025-04-18T13:01:16+00:00","dateModified":"2025-09-17T14:51:21+00:00","breadcrumb":{"@id":"https:\/\/communicationrca.com\/index.php\/radio-centrafricaine\/#breadcrumb"},"inLanguage":"fr-FR","potentialAction":[{"@type":"ReadAction","target":["https:\/\/communicationrca.com\/index.php\/radio-centrafricaine\/"]}]},{"@type":"BreadcrumbList","@id":"https:\/\/communicationrca.com\/index.php\/radio-centrafricaine\/#breadcrumb","itemListElement":[{"@type":"ListItem","position":1,"name":"Accueil","item":"https:\/\/communicationrca.com\/"},{"@type":"ListItem","position":2,"name":"Radio Centrafricaine"}]},{"@type":"WebSite","@id":"https:\/\/communicationrca.com\/#website","url":"https:\/\/communicationrca.com\/","name":"Minist\u00e8re de la Communication et des M\u00e9dias","description":"MINISTERE DE LA COMMUNICATION ET DES MEDIAS (MCM)","publisher":{"@id":"https:\/\/communicationrca.com\/#organization"},"potentialAction":[{"@type":"SearchAction","target":{"@type":"EntryPoint","urlTemplate":"https:\/\/communicationrca.com\/?s={search_term_string}"},"query-input":{"@type":"PropertyValueSpecification","valueRequired":true,"valueName":"search_term_string"}}],"inLanguage":"fr-FR"},{"@type":"Organization","@id":"https:\/\/communicationrca.com\/#organization","name":"Minist\u00e8re de la Communication et des M\u00e9dias","url":"https:\/\/communicationrca.com\/","logo":{"@type":"ImageObject","inLanguage":"fr-FR","@id":"https:\/\/communicationrca.com\/#\/schema\/logo\/image\/","url":"https:\/\/communicationrca.com\/wp-content\/uploads\/2025\/07\/Armoiries-de-la-Republique-centrafricaine.png","contentUrl":"https:\/\/communicationrca.com\/wp-content\/uploads\/2025\/07\/Armoiries-de-la-Republique-centrafricaine.png","width":625,"height":354,"caption":"Minist\u00e8re de la Communication et des M\u00e9dias"},"image":{"@id":"https:\/\/communicationrca.com\/#\/schema\/logo\/image\/"}}]}},"_links":{"self":[{"href":"https:\/\/communicationrca.com\/index.php\/wp-json\/wp\/v2\/pages\/384","targetHints":{"allow":["GET"]}}],"collection":[{"href":"https:\/\/communicationrca.com\/index.php\/wp-json\/wp\/v2\/pages"}],"about":[{"href":"https:\/\/communicationrca.com\/index.php\/wp-json\/wp\/v2\/types\/page"}],"author":[{"embeddable":true,"href":"https:\/\/communicationrca.com\/index.php\/wp-json\/wp\/v2\/users\/1"}],"replies":[{"embeddable":true,"href":"https:\/\/communicationrca.com\/index.php\/wp-json\/wp\/v2\/comments?post=384"}],"version-history":[{"count":4,"href":"https:\/\/communicationrca.com\/index.php\/wp-json\/wp\/v2\/pages\/384\/revisions"}],"predecessor-version":[{"id":1773,"href":"https:\/\/communicationrca.com\/index.php\/wp-json\/wp\/v2\/pages\/384\/revisions\/1773"}],"wp:attachment":[{"href":"https:\/\/communicationrca.com\/index.php\/wp-json\/wp\/v2\/media?parent=384"}],"curies":[{"name":"wp","href":"https:\/\/api.w.org\/{rel}","templated":true}]}}